{"id":55,"date":"2020-11-12T12:18:58","date_gmt":"2020-11-12T12:18:58","guid":{"rendered":"https:\/\/art-show.fr\/?page_id=55"},"modified":"2020-11-12T12:18:58","modified_gmt":"2020-11-12T12:18:58","slug":"mentions-legales","status":"publish","type":"page","link":"https:\/\/art-show.fr\/index.php\/mentions-legales\/","title":{"rendered":"Mentions L\u00e9gales"},"content":{"rendered":"\n<p>Editeur, propri\u00e9taire et h\u00e9bergement du site<\/p>\n\n\n\n<p>Le site http:\/\/art-show.fr est un service de communication au public en ligne \u00e9dit\u00e9 \u00e0 titre non professionnel au sens de l\u2019article 6, III, 2\u00b0 de la loi 2004-575 du 21 juin 2004. Conform\u00e9ment aux dispositions de cet article, son \u00e9diteur a choisi de rester anonyme.<\/p>\n\n\n\n<p>Vous pouvez contacter Art Show via le formulaire de contact en <a href=\"http:\/\/bigbenstreetart.com\/contact\/\">cliquant ici<\/a><\/p>\n\n\n\n<p>H\u00e9bergement : Milkiwan, .<\/p>\n\n\n\n<p>I\u2022 Conditions d\u2019utilisation<\/p>\n\n\n\n<p>Le site art-show.fr met en \u0153uvre tous les moyens dont il dispose, pour assurer une information fiable et une mise \u00e0 jour de son site internet. Toutefois, des erreurs ou omissions peuvent survenir. L\u2019internaute devra donc s\u2019assurer de l\u2019exactitude des informations et signaler toutes modifications du site qu\u2019il jugerait utile. Le site bigbenstreetart.com n\u2019est en aucun cas responsable de l\u2019utilisation faite de ces informations, et de tout pr\u00e9judice direct ou indirect pouvant en d\u00e9couler.<\/p>\n\n\n\n<p>II\u2022 Limitation contractuelle sur les donn\u00e9es techniques<\/p>\n\n\n\n<p>Le site utilise la technologie JavaScript. Le site Internet ne pourra \u00eatre tenu responsable de dommages mat\u00e9riels li\u00e9s \u00e0 l\u2019utilisation du site. De plus, l\u2019utilisateur du site s\u2019engage \u00e0 acc\u00e9der au site en utilisant un mat\u00e9riel r\u00e9cent, ne contenant pas de virus et avec un navigateur de derni\u00e8re g\u00e9n\u00e9ration mis-\u00e0-jour.<\/p>\n\n\n\n<p>III\u2022 Propri\u00e9t\u00e9 intellectuelle et contrefa\u00e7ons<\/p>\n\n\n\n<p>Art Show est propri\u00e9taire des droits de propri\u00e9t\u00e9 intellectuelle ou d\u00e9tient les droits d\u2019usage sur tous les \u00e9l\u00e9ments accessibles sur le site, notamment les textes, images, graphismes, logo, ic\u00f4nes, sons, logiciels.<\/p>\n\n\n\n<p>Toute reproduction, repr\u00e9sentation, modification, publication, adaptation de tout ou partie des \u00e9l\u00e9ments du site, quel que soit le moyen ou le proc\u00e9d\u00e9 utilis\u00e9, est interdite, sauf autorisation \u00e9crite pr\u00e9alable de Art Show.<\/p>\n\n\n\n<p>Toute exploitation non autoris\u00e9e du site ou de l\u2019un quelconque des \u00e9l\u00e9ments qu\u2019il contient sera consid\u00e9r\u00e9e comme constitutive d\u2019une contrefa\u00e7on et poursuivie conform\u00e9ment aux dispositions des articles L.335-2 et suivants du Code de Propri\u00e9t\u00e9 Intellectuelle.<\/p>\n\n\n\n<p>VI\u2022 Limitation de responsabilit\u00e9<\/p>\n\n\n\n<p>Art Show ne pourra \u00eatre tenu responsable des dommages directs et indirects caus\u00e9s au mat\u00e9riel de l\u2019utilisateur, lors de l\u2019acc\u00e8s au site www.art-show.fr, et r\u00e9sultant soit de l\u2019utilisation d\u2019un mat\u00e9riel ne r\u00e9pondant pas aux sp\u00e9cifications indiqu\u00e9es au point 2, soit de l\u2019apparition d\u2019un bug ou d\u2019une incompatibilit\u00e9.<\/p>\n\n\n\n<p>Art Show ne pourra \u00e9galement \u00eatre tenue responsable des dommages indirects (tels par exemple qu\u2019une perte de march\u00e9 ou perte d\u2019une chance) cons\u00e9cutifs \u00e0 l\u2019utilisation du site www.art-show.fr<\/p>\n\n\n\n<p>Des espaces interactifs (possibilit\u00e9 de poser des questions dans l\u2019espace contact) sont \u00e0 la disposition des utilisateurs. Art Show se r\u00e9serve le droit de supprimer, sans mise en demeure pr\u00e9alable, tout contenu d\u00e9pos\u00e9 dans cet espace qui contreviendrait \u00e0 la l\u00e9gislation applicable en France, en particulier aux dispositions relatives \u00e0 la protection des donn\u00e9es. Le cas \u00e9ch\u00e9ant,Art Show se r\u00e9serve \u00e9galement la possibilit\u00e9 de mettre en cause la responsabilit\u00e9 civile et\/ou p\u00e9nale de l\u2019utilisateur, notamment en cas de message \u00e0 caract\u00e8re raciste, injurieux, diffamant, ou pornographique, quel que soit le support utilis\u00e9 (texte, photographie\u2026).<\/p>\n\n\n\n<p>V\u2022 Gestion des donn\u00e9es personnelles<\/p>\n\n\n\n<p>En France, les donn\u00e9es personnelles sont notamment prot\u00e9g\u00e9es par la loi n\u00b0 78-87 du 6 janvier 1978, la loi n\u00b0 2004-801 du 6 ao\u00fbt 2004, l\u2019article L. 226-13 du Code p\u00e9nal et la Directive Europ\u00e9enne du 24 octobre 1995.<\/p>\n\n\n\n<p>A l\u2019occasion de l\u2019utilisation du site www.art-show.fr  peuvent \u00eatre recueillies : l\u2019URL des liens par l\u2019interm\u00e9diaire desquels l\u2019utilisateur a acc\u00e9d\u00e9 au site www.art-show.fr, le fournisseur d\u2019acc\u00e8s de l\u2019utilisateur, l\u2019adresse de protocole Internet (IP) de l\u2019utilisateur.<\/p>\n\n\n\n<p>En tout \u00e9tat de cause Art Show ne collecte des informations personnelles relatives \u00e0 l\u2019utilisateur que pour le besoin de certains services propos\u00e9s par le site www.art-show.fr. L\u2019utilisateur fournit ces informations en toute connaissance de cause, notamment lorsqu\u2019il proc\u00e8de par lui-m\u00eame \u00e0 leur saisie. Il est alors pr\u00e9cis\u00e9 \u00e0 l\u2019utilisateur du site www.art-show.fr l\u2019obligation ou non de fournir ces informations.<\/p>\n\n\n\n<p>Conform\u00e9ment aux dispositions des articles 38 et suivants de la loi 78-17 du 6 janvier 1978 relative \u00e0 l\u2019informatique, aux fichiers et aux libert\u00e9s, tout utilisateur dispose d\u2019un droit d\u2019acc\u00e8s, de rectification et d\u2019opposition aux donn\u00e9es personnelles le concernant, en effectuant sa demande \u00e9crite et sign\u00e9e, accompagn\u00e9e d\u2019une copie du titre d\u2019identit\u00e9 avec signature du titulaire de la pi\u00e8ce, en pr\u00e9cisant l\u2019adresse \u00e0 laquelle la r\u00e9ponse doit \u00eatre envoy\u00e9e.<\/p>\n\n\n\n<p>Aucune information personnelle de l\u2019utilisateur du site www.art-show.fr n\u2019est publi\u00e9e \u00e0 l\u2019insu de l\u2019utilisateur, \u00e9chang\u00e9e, transf\u00e9r\u00e9e, c\u00e9d\u00e9e ou vendue sur un support quelconque \u00e0 des tiers. Seule l\u2019hypoth\u00e8se du rachat de Art Show et de ses droits permettrait la transmission des dites informations \u00e0 l\u2019\u00e9ventuel acqu\u00e9reur qui serait \u00e0 son tour tenu de la m\u00eame obligation de conservation et de modification des donn\u00e9es vis \u00e0 vis de l\u2019utilisateur du site www.art-show.fr<\/p>\n\n\n\n<p>Le site n\u2019est pas d\u00e9clar\u00e9 \u00e0 la CNIL car il ne recueille pas d\u2019informations personnelles.<\/p>\n\n\n\n<p>Les bases de donn\u00e9es sont prot\u00e9g\u00e9es par les dispositions de la loi du 1er juillet 1998 transposant la directive 96\/9 du 11 mars 1996 relative \u00e0 la protection juridique des bases de donn\u00e9es.<\/p>\n\n\n\n<p>IV\u2022 Liens hypertextes et cookies<\/p>\n\n\n\n<p>Le site art-show.fr contient un certain nombre de liens hypertextes vers d\u2019autres sites, mis en place avec l\u2019autorisation de Art Show. Cependant, Art Show n\u2019a pas la possibilit\u00e9 de v\u00e9rifier le contenu des sites ainsi visit\u00e9s, et n\u2019assumera en cons\u00e9quence aucune responsabilit\u00e9 de ce fait.<\/p>\n\n\n\n<p>La navigation sur le site www.art-show.fr est susceptible de provoquer l\u2019installation de cookie(s) sur l\u2019ordinateur de l\u2019utilisateur. Un cookie est un fichier de petite taille, qui ne permet pas l\u2019identification de l\u2019utilisateur, mais qui enregistre des informations relatives \u00e0 la navigation d\u2019un ordinateur sur un site. Les donn\u00e9es ainsi obtenues visent \u00e0 faciliter la navigation ult\u00e9rieure sur le site, et ont \u00e9galement vocation \u00e0 permettre diverses mesures de fr\u00e9quentation.<\/p>\n\n\n\n<p>Le refus d\u2019installation d\u2019un cookie peut entra\u00eener l\u2019impossibilit\u00e9 d\u2019acc\u00e9der \u00e0 certains services. L\u2019utilisateur peut toutefois configurer son ordinateur de la mani\u00e8re suivante, pour refuser l\u2019installation des cookies :<\/p>\n\n\n\n<p>Sous Internet Explorer : onglet outil (pictogramme en forme de rouage en haut a droite) \/ options internet. Cliquez sur Confidentialit\u00e9 et choisissez Bloquer tous les cookies. Validez sur Ok.<\/p>\n\n\n\n<p>Sous Firefox : en haut de la fen\u00eatre du navigateur, cliquez sur le bouton Firefox, puis aller dans l\u2019onglet Options. Cliquer sur l\u2019onglet Vie priv\u00e9e.<\/p>\n\n\n\n<p>Param\u00e9trez les R\u00e8gles de conservation sur : utiliser les param\u00e8tres personnalis\u00e9s pour l\u2019historique. Enfin d\u00e9cochez-la pour d\u00e9sactiver les cookies.<\/p>\n\n\n\n<p>Sous Safari : Cliquez en haut \u00e0 droite du navigateur sur le pictogramme de menu (symbolis\u00e9 par un rouage). S\u00e9lectionnez Param\u00e8tres. Cliquez sur Afficher les param\u00e8tres avanc\u00e9s. Dans la section \u00ab Confidentialit\u00e9 \u00bb, cliquez sur Param\u00e8tres de contenu. Dans la section \u00ab Cookies \u00bb, vous pouvez bloquer les cookies.<\/p>\n\n\n\n<p>Sous Chrome : Cliquez en haut \u00e0 droite du navigateur sur le pictogramme de menu (symbolis\u00e9 par trois lignes horizontales). S\u00e9lectionnez Param\u00e8tres. Cliquez sur Afficher les param\u00e8tres avanc\u00e9s. Dans la section \u00ab Confidentialit\u00e9 \u00bb, cliquez sur pr\u00e9f\u00e9rences. Dans l\u2019onglet \u00ab Confidentialit\u00e9 \u00bb, vous pouvez bloquer les cookies.<\/p>\n","protected":false},"excerpt":{"rendered":"<p>Editeur, propri\u00e9taire et h\u00e9bergement du site Le site http:\/\/art-show.fr est un service de communication au public en ligne \u00e9dit\u00e9 \u00e0 titre non professionnel au sens de l\u2019article 6, III, 2\u00b0 de la loi 2004-575 du 21 juin 2004. Conform\u00e9ment aux dispositions de cet article, son \u00e9diteur a choisi de rester anonyme. Vous pouvez contacter Art [&hellip;]<\/p>\n","protected":false},"author":1,"featured_media":0,"parent":0,"menu_order":0,"comment_status":"closed","ping_status":"closed","template":"","meta":{"spay_email":""},"tags":[],"jetpack-related-posts":[{"id":21,"url":"https:\/\/art-show.fr\/index.php\/contact\/","url_meta":{"origin":55,"position":0},"title":"Contact","date":"12 novembre 2020","format":false,"excerpt":"Suivez nous sur : Instagram Facebook Mail : asso.art.show@gmail.com","rel":"","context":"Article similaire","img":{"alt_text":"","src":"","width":0,"height":0},"classes":[]},{"id":23,"url":"https:\/\/art-show.fr\/index.php\/une-section-de-page-daccueil\/","url_meta":{"origin":55,"position":1},"title":"Une section de page d\u2019accueil","date":"12 novembre 2020","format":false,"excerpt":"C\u2019est un exemple de section de page d\u2019accueil. Les sections de page d\u2019accueil peuvent \u00eatre n\u2019importe quelle page autre que la page d\u2019accueil elle-m\u00eame, y compris la page qui affiche vos derniers articles de blog.","rel":"","context":"Article similaire","img":{"alt_text":"","src":"https:\/\/i2.wp.com\/art-show.fr\/wp-content\/uploads\/2020\/11\/espresso-1.jpg?resize=350%2C200&ssl=1","width":350,"height":200},"classes":[]},{"id":22,"url":"https:\/\/art-show.fr\/index.php\/actualites\/","url_meta":{"origin":55,"position":2},"title":"Actualit\u00e9s","date":"12 novembre 2020","format":false,"excerpt":"","rel":"","context":"Article similaire","img":{"alt_text":"","src":"https:\/\/i0.wp.com\/art-show.fr\/wp-content\/uploads\/2020\/11\/coffee-1.jpg?resize=350%2C200&ssl=1","width":350,"height":200},"classes":[]},{"id":19,"url":"https:\/\/art-show.fr\/","url_meta":{"origin":55,"position":3},"title":"District 13 Art Fair","date":"12 novembre 2020","format":false,"excerpt":"L'art Show invite \u00a0Big Ben et Jean Lambert \u00e0 Paris de 12 au 14 Janvier et a Lyon du 9 au 11 F\u00e9vrier","rel":"","context":"Article similaire","img":{"alt_text":"","src":"https:\/\/i2.wp.com\/art-show.fr\/wp-content\/uploads\/2024\/03\/art-show-district-69-urban-art-fair.jpg?resize=350%2C200&ssl=1","width":350,"height":200},"classes":[]},{"id":20,"url":"https:\/\/art-show.fr\/index.php\/a-propos-de\/","url_meta":{"origin":55,"position":4},"title":"\u00c0 propos de","date":"12 novembre 2020","format":false,"excerpt":"\u00a0l'Art Show\u00a0se trouve dans la grande rue de Vaise, une rue semie-pietonne et commercante. L'objectif de l'Art Show est de d\u00e9mocratiser l\u2019art et de le rendre accessible \u00e0 un\u00a0 plus grand nombre. L'Art Show souhaite inciter \u00e0 consommer diff\u00e9remment, en achetant de l\u2019art un bien durable et parfois rentable. L'Art\u2026","rel":"","context":"Article similaire","img":{"alt_text":"","src":"","width":0,"height":0},"classes":[]},{"id":43,"url":"https:\/\/art-show.fr\/index.php\/expo\/","url_meta":{"origin":55,"position":5},"title":"Les expos d'avant","date":"12 novembre 2020","format":false,"excerpt":"The Cloud, installation de Big Ben Exposition \u00e9volutive pour cause de confinement avec en Version II et III Berleween Jolixor, Jean Lambert, et Camille Llado","rel":"","context":"Article similaire","img":{"alt_text":"","src":"https:\/\/i0.wp.com\/art-show.fr\/wp-content\/uploads\/2023\/09\/agape.jpg?resize=350%2C200&ssl=1","width":350,"height":200},"classes":[]}],"_links":{"self":[{"href":"https:\/\/art-show.fr\/index.php\/wp-json\/wp\/v2\/pages\/55"}],"collection":[{"href":"https:\/\/art-show.fr\/index.php\/wp-json\/wp\/v2\/pages"}],"about":[{"href":"https:\/\/art-show.fr\/index.php\/wp-json\/wp\/v2\/types\/page"}],"author":[{"embeddable":true,"href":"https:\/\/art-show.fr\/index.php\/wp-json\/wp\/v2\/users\/1"}],"replies":[{"embeddable":true,"href":"https:\/\/art-show.fr\/index.php\/wp-json\/wp\/v2\/comments?post=55"}],"version-history":[{"count":1,"href":"https:\/\/art-show.fr\/index.php\/wp-json\/wp\/v2\/pages\/55\/revisions"}],"predecessor-version":[{"id":56,"href":"https:\/\/art-show.fr\/index.php\/wp-json\/wp\/v2\/pages\/55\/revisions\/56"}],"wp:attachment":[{"href":"https:\/\/art-show.fr\/index.php\/wp-json\/wp\/v2\/media?parent=55"}],"wp:term":[{"taxonomy":"post_tag","embeddable":true,"href":"https:\/\/art-show.fr\/index.php\/wp-json\/wp\/v2\/tags?post=55"}],"curies":[{"name":"wp","href":"https:\/\/api.w.org\/{rel}","templated":true}]}}