{"id":19,"date":"2020-11-12T11:32:36","date_gmt":"2020-11-12T11:32:36","guid":{"rendered":"https:\/\/art-show.fr\/?page_id=19"},"modified":"2024-03-14T09:37:17","modified_gmt":"2024-03-14T09:37:17","slug":"accueil","status":"publish","type":"page","link":"https:\/\/art-show.fr\/","title":{"rendered":"District 13 Art Fair"},"content":{"rendered":"\n<p><\/p>\n\n\n\n<p>L&rsquo;art Show invite \u00a0Big Ben et Jean Lambert \u00e0 Paris de 12 au 14 Janvier et a Lyon du 9 au 11 F\u00e9vrier <\/p>\n\n\n\n<div class=\"wp-block-image\"><figure class=\"aligncenter size-large\"><img loading=\"lazy\" width=\"1000\" height=\"1000\" src=\"https:\/\/art-show.fr\/wp-content\/uploads\/2024\/03\/art-show-district-69-urban-art-fair.jpg\" alt=\"\" class=\"wp-image-465\" srcset=\"https:\/\/art-show.fr\/wp-content\/uploads\/2024\/03\/art-show-district-69-urban-art-fair.jpg 1000w, https:\/\/art-show.fr\/wp-content\/uploads\/2024\/03\/art-show-district-69-urban-art-fair-300x300.jpg 300w, https:\/\/art-show.fr\/wp-content\/uploads\/2024\/03\/art-show-district-69-urban-art-fair-150x150.jpg 150w, https:\/\/art-show.fr\/wp-content\/uploads\/2024\/03\/art-show-district-69-urban-art-fair-768x768.jpg 768w, https:\/\/art-show.fr\/wp-content\/uploads\/2024\/03\/art-show-district-69-urban-art-fair-800x800.jpg 800w\" sizes=\"(max-width: 1000px) 100vw, 1000px\" \/><\/figure><\/div>\n","protected":false},"excerpt":{"rendered":"<p>L&rsquo;art Show invite \u00a0Big Ben et Jean Lambert \u00e0 Paris de 12 au 14 Janvier et a Lyon du 9 au 11 F\u00e9vrier<\/p>\n","protected":false},"author":1,"featured_media":0,"parent":22,"menu_order":0,"comment_status":"closed","ping_status":"closed","template":"","meta":{"spay_email":""},"tags":[],"jetpack-related-posts":[{"id":43,"url":"https:\/\/art-show.fr\/index.php\/expo\/","url_meta":{"origin":19,"position":0},"title":"Les expos d'avant","date":"12 novembre 2020","format":false,"excerpt":"The Cloud, installation de Big Ben Exposition \u00e9volutive pour cause de confinement avec en Version II et III Berleween Jolixor, Jean Lambert, et Camille Llado","rel":"","context":"Article similaire","img":{"alt_text":"","src":"https:\/\/i0.wp.com\/art-show.fr\/wp-content\/uploads\/2023\/09\/agape.jpg?resize=350%2C200&ssl=1","width":350,"height":200},"classes":[]},{"id":45,"url":"https:\/\/art-show.fr\/index.php\/artistes\/","url_meta":{"origin":19,"position":1},"title":"Les Artistes","date":"12 novembre 2020","format":false,"excerpt":"William Aka Barberose confection Pierre Bassery Beaunont Th\u00e9o Alex Beretta Berlewen Rodolphe Bessey Big Ben Brunaldinho\u00a0 Alice Calm Canaan Cap Phi Nicolas Cluzel Don Mat\u00e9o Erell evv hill Ekiem \u00a0Olivia Ferrand Sarah Fouassier Lionnel Gillet Green Yandy Graffer Claire Jean Raphael Lam Jean Lambert Helene Lagnieu Marjolaine Larriv\u00e9 (Secr\u00e8te savonnette)\u2026","rel":"","context":"Article similaire","img":{"alt_text":"","src":"","width":0,"height":0},"classes":[]},{"id":55,"url":"https:\/\/art-show.fr\/index.php\/mentions-legales\/","url_meta":{"origin":19,"position":2},"title":"Mentions L\u00e9gales","date":"12 novembre 2020","format":false,"excerpt":"Editeur, propri\u00e9taire et h\u00e9bergement du site Le site http:\/\/art-show.fr est un service de communication au public en ligne \u00e9dit\u00e9 \u00e0 titre non professionnel au sens de l\u2019article 6, III, 2\u00b0 de la loi 2004-575 du 21 juin 2004. Conform\u00e9ment aux dispositions de cet article, son \u00e9diteur a choisi de rester\u2026","rel":"","context":"Article similaire","img":{"alt_text":"","src":"","width":0,"height":0},"classes":[]},{"id":20,"url":"https:\/\/art-show.fr\/index.php\/a-propos-de\/","url_meta":{"origin":19,"position":3},"title":"\u00c0 propos de","date":"12 novembre 2020","format":false,"excerpt":"\u00a0l'Art Show\u00a0se trouve dans la grande rue de Vaise, une rue semie-pietonne et commercante. L'objectif de l'Art Show est de d\u00e9mocratiser l\u2019art et de le rendre accessible \u00e0 un\u00a0 plus grand nombre. L'Art Show souhaite inciter \u00e0 consommer diff\u00e9remment, en achetant de l\u2019art un bien durable et parfois rentable. L'Art\u2026","rel":"","context":"Article similaire","img":{"alt_text":"","src":"","width":0,"height":0},"classes":[]},{"id":22,"url":"https:\/\/art-show.fr\/index.php\/actualites\/","url_meta":{"origin":19,"position":4},"title":"Actualit\u00e9s","date":"12 novembre 2020","format":false,"excerpt":"","rel":"","context":"Article similaire","img":{"alt_text":"","src":"https:\/\/i0.wp.com\/art-show.fr\/wp-content\/uploads\/2020\/11\/coffee-1.jpg?resize=350%2C200&ssl=1","width":350,"height":200},"classes":[]},{"id":21,"url":"https:\/\/art-show.fr\/index.php\/contact\/","url_meta":{"origin":19,"position":5},"title":"Contact","date":"12 novembre 2020","format":false,"excerpt":"Suivez nous sur : Instagram Facebook Mail : asso.art.show@gmail.com","rel":"","context":"Article similaire","img":{"alt_text":"","src":"","width":0,"height":0},"classes":[]}],"_links":{"self":[{"href":"https:\/\/art-show.fr\/index.php\/wp-json\/wp\/v2\/pages\/19"}],"collection":[{"href":"https:\/\/art-show.fr\/index.php\/wp-json\/wp\/v2\/pages"}],"about":[{"href":"https:\/\/art-show.fr\/index.php\/wp-json\/wp\/v2\/types\/page"}],"author":[{"embeddable":true,"href":"https:\/\/art-show.fr\/index.php\/wp-json\/wp\/v2\/users\/1"}],"replies":[{"embeddable":true,"href":"https:\/\/art-show.fr\/index.php\/wp-json\/wp\/v2\/comments?post=19"}],"version-history":[{"count":30,"href":"https:\/\/art-show.fr\/index.php\/wp-json\/wp\/v2\/pages\/19\/revisions"}],"predecessor-version":[{"id":466,"href":"https:\/\/art-show.fr\/index.php\/wp-json\/wp\/v2\/pages\/19\/revisions\/466"}],"up":[{"embeddable":true,"href":"https:\/\/art-show.fr\/index.php\/wp-json\/wp\/v2\/pages\/22"}],"wp:attachment":[{"href":"https:\/\/art-show.fr\/index.php\/wp-json\/wp\/v2\/media?parent=19"}],"wp:term":[{"taxonomy":"post_tag","embeddable":true,"href":"https:\/\/art-show.fr\/index.php\/wp-json\/wp\/v2\/tags?post=19"}],"curies":[{"name":"wp","href":"https:\/\/api.w.org\/{rel}","templated":true}]}}